{"id":2,"date":"2021-12-12T00:02:04","date_gmt":"2021-12-12T00:02:04","guid":{"rendered":"http:\/\/institutosanignacio.com\/?page_id=2"},"modified":"2026-05-12T23:13:57","modified_gmt":"2026-05-12T23:13:57","slug":"campus","status":"publish","type":"page","link":"https:\/\/institutosanignacio.org\/index.php\/campus\/","title":{"rendered":"Campus\/Login"},"content":{"rendered":"<style>.kb-row-layout-id2_57928d-b7 > .kt-row-column-wrap{align-content:start;}:where(.kb-row-layout-id2_57928d-b7 > .kt-row-column-wrap) > .wp-block-kadence-column{justify-content:start;}.kb-row-layout-id2_57928d-b7 > .kt-row-column-wrap{column-gap:var(--global-kb-gap-md, 2rem);row-gap:var(--global-kb-gap-md, 2rem);max-width:70%;margin-left:auto;margin-right:auto;padding-top:var(--global-kb-spacing-sm, 1.5rem);padding-bottom:var(--global-kb-spacing-sm, 1.5rem);grid-template-columns:minmax(0, 1fr);}.kb-row-layout-id2_57928d-b7{background-image:url('http:\/\/institutosanignacio.com\/wp-content\/uploads\/2022\/03\/Fondo-simple.png');background-size:cover;background-position:center center;background-attachment:scroll;background-repeat:no-repeat;}.kb-row-layout-id2_57928d-b7 > .kt-row-layout-overlay{opacity:0.30;}@media all and (max-width: 1024px){.kb-row-layout-id2_57928d-b7 > .kt-row-column-wrap{grid-template-columns:minmax(0, 1fr);}}@media all and (max-width: 767px){.kb-row-layout-id2_57928d-b7 > .kt-row-column-wrap{max-width:100%;margin-left:auto;margin-right:auto;grid-template-columns:minmax(0, 1fr);}}<\/style><div class=\"kb-row-layout-wrap kb-row-layout-id2_57928d-b7 alignnone kt-row-has-bg wp-block-kadence-rowlayout\"><div class=\"kt-row-column-wrap kt-has-1-columns kt-row-layout-equal kt-tab-layout-inherit kt-mobile-layout-row kt-row-valign-top\">\n<style>.kadence-column2_1950ea-13 > .kt-inside-inner-col,.kadence-column2_1950ea-13 > .kt-inside-inner-col:before{border-top-left-radius:0px;border-top-right-radius:0px;border-bottom-right-radius:0px;border-bottom-left-radius:0px;}.kadence-column2_1950ea-13 > .kt-inside-inner-col{column-gap:var(--global-kb-gap-sm, 1rem);}.kadence-column2_1950ea-13 > .kt-inside-inner-col{flex-direction:column;}.kadence-column2_1950ea-13 > .kt-inside-inner-col > .aligncenter{width:100%;}.kadence-column2_1950ea-13 > .kt-inside-inner-col:before{opacity:0.3;}.kadence-column2_1950ea-13{position:relative;}@media all and (max-width: 1024px){.kadence-column2_1950ea-13 > .kt-inside-inner-col{flex-direction:column;}}@media all and (max-width: 767px){.kadence-column2_1950ea-13 > .kt-inside-inner-col{flex-direction:column;}}<\/style>\n<div class=\"wp-block-kadence-column kadence-column2_1950ea-13 inner-column-1\"><div class=\"kt-inside-inner-col\"><style>.kb-row-layout-id2_d2190d-3d > .kt-row-column-wrap{align-content:start;}:where(.kb-row-layout-id2_d2190d-3d > .kt-row-column-wrap) > .wp-block-kadence-column{justify-content:start;}.kb-row-layout-id2_d2190d-3d > .kt-row-column-wrap{column-gap:var(--global-kb-gap-md, 2rem);row-gap:var(--global-kb-gap-md, 2rem);padding-top:var(--global-kb-spacing-sm, 1.5rem);padding-bottom:var(--global-kb-spacing-sm, 1.5rem);grid-template-columns:minmax(0, 1fr);}.kb-row-layout-id2_d2190d-3d > .kt-row-layout-overlay{opacity:0.30;}@media all and (max-width: 1024px){.kb-row-layout-id2_d2190d-3d > .kt-row-column-wrap{grid-template-columns:minmax(0, 1fr);}}@media all and (max-width: 767px){.kb-row-layout-id2_d2190d-3d > .kt-row-column-wrap{grid-template-columns:minmax(0, 1fr);}}<\/style><div class=\"kb-row-layout-wrap kb-row-layout-id2_d2190d-3d alignnone wp-block-kadence-rowlayout\"><div class=\"kt-row-column-wrap kt-has-1-columns kt-row-layout-equal kt-tab-layout-inherit kt-mobile-layout-row kt-row-valign-top\">\n<style>.kadence-column2_2e1959-e8 > .kt-inside-inner-col{padding-top:2%;padding-right:5%;padding-bottom:5%;padding-left:5%;}.kadence-column2_2e1959-e8 > .kt-inside-inner-col,.kadence-column2_2e1959-e8 > .kt-inside-inner-col:before{border-top-left-radius:5px;border-top-right-radius:5px;border-bottom-right-radius:5px;border-bottom-left-radius:5px;}.kadence-column2_2e1959-e8 > .kt-inside-inner-col{column-gap:var(--global-kb-gap-sm, 1rem);}.kadence-column2_2e1959-e8 > .kt-inside-inner-col{flex-direction:column;}.kadence-column2_2e1959-e8 > .kt-inside-inner-col > .aligncenter{width:100%;}.kadence-column2_2e1959-e8 > .kt-inside-inner-col{background-color:var(--global-palette9, #ffffff);}.kadence-column2_2e1959-e8 > .kt-inside-inner-col:before{opacity:0.3;}.kadence-column2_2e1959-e8{position:relative;}@media all and (max-width: 1024px){.kadence-column2_2e1959-e8 > .kt-inside-inner-col{flex-direction:column;}}@media all and (max-width: 767px){.kadence-column2_2e1959-e8 > .kt-inside-inner-col{flex-direction:column;}}<\/style>\n<div class=\"wp-block-kadence-column kadence-column2_2e1959-e8 inner-column-1\"><div class=\"kt-inside-inner-col\"><style>.wp-block-kadence-advancedheading.kt-adv-heading2_8f1d00-0a, .wp-block-kadence-advancedheading.kt-adv-heading2_8f1d00-0a[data-kb-block=\"kb-adv-heading2_8f1d00-0a\"]{text-align:center;font-style:normal;}.wp-block-kadence-advancedheading.kt-adv-heading2_8f1d00-0a mark, .wp-block-kadence-advancedheading.kt-adv-heading2_8f1d00-0a[data-kb-block=\"kb-adv-heading2_8f1d00-0a\"] mark{font-style:normal;color:#f76a0c;padding-top:0px;padding-right:0px;padding-bottom:0px;padding-left:0px;}<\/style>\n<h2 class=\"kt-adv-heading2_8f1d00-0a wp-block-kadence-advancedheading has-theme-palette-1-color has-text-color\" data-kb-block=\"kb-adv-heading2_8f1d00-0a\">Campus Virtual<\/h2>\n\n\n\n<p>La educaci\u00f3n a distancia, encuentra en la virtualidad, la oportunidad de estrechar v\u00ednculos, llegar a sitios donde con la se\u00f1al telef\u00f3nica y la portabilidad de datos, miles de personas que no encontraban la forma de instruirse ahora puedan hacerlo. <\/p>\n\n\n\n<p>Con un dise\u00f1o simple, intuitivo, de f\u00e1cil acceso tratamos de acercar la educaci\u00f3n a todos los usuarios que tengan la iniciativa de terminar sus estudios o profundizarlos y mejorar su calidad de vida, aumentando las posibilidades concretas de un futuro mejor. <\/p>\n\n\n\n<p>Los invitamos a sumarse a nuestro equipo de trabajo, s\u00ed, un equipo donde t\u00fa estudias y manejas tus tiempos y nosotros te brindamos el apoyo y tutor\u00eda necesaria para lograr los objetivos que te plantees. V\u00eddeos, material de estudio, trabajos practicos y clases virtuales en vivo, fueron dise\u00f1ados para acompa\u00f1arte en el proceso, est\u00e1s a un click de cambiar t\u00fa vida y la de t\u00fa familia para siempre&#8230;<\/p>\n\n\n\n<figure class=\"wp-block-embed is-type-video is-provider-youtube wp-block-embed-youtube wp-embed-aspect-16-9 wp-has-aspect-ratio\"><div class=\"wp-block-embed__wrapper\">\n<iframe loading=\"lazy\" title=\"Uso de Campus Virtual estudiantes\" width=\"720\" height=\"405\" src=\"https:\/\/www.youtube.com\/embed\/ZEvT-umIdQ4?feature=oembed\" frameborder=\"0\" allow=\"accelerometer; autoplay; clipboard-write; encrypted-media; gyroscope; picture-in-picture; web-share\" referrerpolicy=\"strict-origin-when-cross-origin\" allowfullscreen><\/iframe>\n<\/div><\/figure>\n\n\n\n<p><\/p>\n\n\n\n<p><\/p>\n\n\n\n<div class=\"wp-block-buttons alignwide is-content-justification-center is-layout-flex wp-container-core-buttons-is-layout-16018d1d wp-block-buttons-is-layout-flex\">\n<div class=\"wp-block-button has-custom-width wp-block-button__width-100 is-style-fill\"><a class=\"wp-block-button__link wp-element-button\" href=\"https:\/\/institutosanignacio.org\/campusvirtual\/\" target=\"_blank\" rel=\"noreferrer noopener\"><strong>INGRESAR<\/strong><\/a><\/div>\n<\/div>\n<\/div><\/div>\n\n<\/div><\/div><\/div><\/div>\n\n<\/div><\/div>\n\n\n<p><\/p>\n","protected":false},"excerpt":{"rendered":"<p>Campus Virtual La educaci\u00f3n a distancia, encuentra en la virtualidad, la oportunidad de estrechar v\u00ednculos, llegar a sitios donde con la se\u00f1al telef\u00f3nica y la portabilidad de datos, miles de personas que no encontraban la forma de instruirse ahora puedan hacerlo. Con un dise\u00f1o simple, intuitivo, de f\u00e1cil acceso tratamos de acercar la educaci\u00f3n a&#8230;<\/p>\n","protected":false},"author":1,"featured_media":0,"parent":0,"menu_order":0,"comment_status":"closed","ping_status":"open","template":"","meta":{"om_disable_all_campaigns":false,"_monsterinsights_skip_tracking":false,"_monsterinsights_sitenote_active":false,"_monsterinsights_sitenote_note":"","_monsterinsights_sitenote_category":0,"_kad_post_transparent":"","_kad_post_title":"hide","_kad_post_layout":"fullwidth","_kad_post_sidebar_id":"","_kad_post_content_style":"unboxed","_kad_post_vertical_padding":"","_kad_post_feature":"","_kad_post_feature_position":"","_kad_post_header":false,"_kad_post_footer":false,"footnotes":""},"class_list":["post-2","page","type-page","status-publish","hentry"],"aioseo_notices":[],"_links":{"self":[{"href":"https:\/\/institutosanignacio.org\/index.php\/wp-json\/wp\/v2\/pages\/2","targetHints":{"allow":["GET"]}}],"collection":[{"href":"https:\/\/institutosanignacio.org\/index.php\/wp-json\/wp\/v2\/pages"}],"about":[{"href":"https:\/\/institutosanignacio.org\/index.php\/wp-json\/wp\/v2\/types\/page"}],"author":[{"embeddable":true,"href":"https:\/\/institutosanignacio.org\/index.php\/wp-json\/wp\/v2\/users\/1"}],"replies":[{"embeddable":true,"href":"https:\/\/institutosanignacio.org\/index.php\/wp-json\/wp\/v2\/comments?post=2"}],"version-history":[{"count":20,"href":"https:\/\/institutosanignacio.org\/index.php\/wp-json\/wp\/v2\/pages\/2\/revisions"}],"predecessor-version":[{"id":1361,"href":"https:\/\/institutosanignacio.org\/index.php\/wp-json\/wp\/v2\/pages\/2\/revisions\/1361"}],"wp:attachment":[{"href":"https:\/\/institutosanignacio.org\/index.php\/wp-json\/wp\/v2\/media?parent=2"}],"curies":[{"name":"wp","href":"https:\/\/api.w.org\/{rel}","templated":true}]}}